{"id":6,"date":"2016-03-28T17:18:35","date_gmt":"2016-03-28T17:18:35","guid":{"rendered":"http:\/\/gachter.name\/lirumlarum\/?page_id=6"},"modified":"2016-03-28T17:20:53","modified_gmt":"2016-03-28T17:20:53","slug":"home","status":"publish","type":"page","link":"https:\/\/gachter.name\/lirumlarum\/","title":{"rendered":"Home"},"content":{"rendered":"<p>Diese Internetseiten sollen eine kritische Einf\u00fchrung \u00fcber die aktuelle Forschung zu Erstlesewerke geben und die fortlaufende Diskussion zu Lesen-und-schreiben-lernen kommentieren. Ich w\u00fcnsche Ihnen viel Freude und Anregung beim Lesen und freue mich auf Ihre R\u00fcckmeldung.<\/p>\n<p style=\"text-align: right;\">Dr. Barbara M\u00fcller G\u00e4chter<\/p>\n","protected":false},"excerpt":{"rendered":"<p>Diese Internetseiten sollen eine kritische Einf\u00fchrung \u00fcber die aktuelle Forschung zu Erstlesewerke geben und die fortlaufende Diskussion zu Lesen-und-schreiben-lernen kommentieren. Ich w\u00fcnsche Ihnen viel Freude und Anregung beim Lesen und freue mich auf Ihre R\u00fcckmeldung. Dr. Barbara M\u00fcller G\u00e4chter<\/p>\n","protected":false},"author":1,"featured_media":0,"parent":0,"menu_order":0,"comment_status":"closed","ping_status":"closed","template":"","meta":{"jetpack_post_was_ever_published":false,"footnotes":""},"class_list":["post-6","page","type-page","status-publish","hentry"],"jetpack_sharing_enabled":true,"_links":{"self":[{"href":"https:\/\/gachter.name\/lirumlarum\/wp-json\/wp\/v2\/pages\/6","targetHints":{"allow":["GET"]}}],"collection":[{"href":"https:\/\/gachter.name\/lirumlarum\/wp-json\/wp\/v2\/pages"}],"about":[{"href":"https:\/\/gachter.name\/lirumlarum\/wp-json\/wp\/v2\/types\/page"}],"author":[{"embeddable":true,"href":"https:\/\/gachter.name\/lirumlarum\/wp-json\/wp\/v2\/users\/1"}],"replies":[{"embeddable":true,"href":"https:\/\/gachter.name\/lirumlarum\/wp-json\/wp\/v2\/comments?post=6"}],"version-history":[{"count":2,"href":"https:\/\/gachter.name\/lirumlarum\/wp-json\/wp\/v2\/pages\/6\/revisions"}],"predecessor-version":[{"id":22,"href":"https:\/\/gachter.name\/lirumlarum\/wp-json\/wp\/v2\/pages\/6\/revisions\/22"}],"wp:attachment":[{"href":"https:\/\/gachter.name\/lirumlarum\/wp-json\/wp\/v2\/media?parent=6"}],"curies":[{"name":"wp","href":"https:\/\/api.w.org\/{rel}","templated":true}]}}