{"id":124,"date":"2017-06-14T20:42:33","date_gmt":"2017-06-14T18:42:33","guid":{"rendered":"https:\/\/gachter.name\/lirumlarum\/?page_id=124"},"modified":"2023-12-02T12:09:05","modified_gmt":"2023-12-02T11:09:05","slug":"wie-kinder-die-sprache-lernen","status":"publish","type":"page","link":"https:\/\/gachter.name\/lirumlarum\/wie-kinder-die-sprache-lernen\/","title":{"rendered":"Wie Kinder die Sprache lernen"},"content":{"rendered":"<p>Folgender Vortrag wurde am\u00a020. Mai 2017 in Otelfingen im Rahmen einer Veranstaltung des <a href=\"http:\/\/www.freie-meinung.ch\">Vereins B\u00fcrger f\u00fcr B\u00fcrger<\/a>\u00a0<span id=\"channel-title\" class=\"style-scope ytd-c4-tabbed-header-renderer\">gehalten.<\/span><\/p>\n<p>Der Vortrag als Ganzes:<\/p>\n<p><iframe loading=\"lazy\" title=\"B\u00fcrger f\u00fcr B\u00fcrger: &quot;Wie Kinder die Sprache lernen&quot;, Dr. Barbara M\u00fcller-G\u00e4chter\" width=\"540\" height=\"304\" src=\"https:\/\/www.youtube.com\/embed\/pS0uZEGMcxg?feature=oembed\" frameborder=\"0\" allow=\"accelerometer; autoplay; clipboard-write; encrypted-media; gyroscope; picture-in-picture; web-share\" referrerpolicy=\"strict-origin-when-cross-origin\" allowfullscreen><\/iframe><\/p>\n<p>Die Pr\u00e4sentation dazu:<\/p>\n<p><a href=\"http:\/\/gachter.name\/wp-data\/Wie Kinder die Sprache lernen-00-Pr\u00e4sentation.pdf\">Wie Kinder die Sprache lernen &#8211; Pr\u00e4sentation<\/a><\/p>\n<p>In einzelnen Kapiteln:<\/p>\n<p><a href=\"http:\/\/gachter.name\/wp-data\/Wie Kinder die Sprache lernen-01-Einleitung.mp4\">1) Einleitung, Vorstellung, Erl\u00e4uterung zur Dissertation (3.5min)<\/a><\/p>\n<p><a href=\"http:\/\/gachter.name\/wp-data\/Wie Kinder die Sprache lernen-02-Fr\u00fches und sp\u00e4tes Sprachenlernen.mp4\">2) Vergleich, eine Sache mit zwei Seiten: fr\u00fches und sp\u00e4tes Sprachenlernen (1min)<\/a><\/p>\n<p><a href=\"http:\/\/gachter.name\/wp-data\/Wie Kinder die Sprache lernen-03-Wie kommen die Kinder zum Sprechen.mp4\">3) Wie kommen die Kinder zum Sprechen? (6min)<\/a><\/p>\n<p><a href=\"http:\/\/gachter.name\/wp-data\/Wie Kinder die Sprache lernen-04-Der nat\u00fcrliche Spracherwerb.mp4\">4) Dr.Silke Kruse, Logop\u00e4din: Der nat\u00fcrliche Spracherwerb (11min)<\/a><\/p>\n<p><a href=\"http:\/\/gachter.name\/wp-data\/Wie Kinder die Sprache lernen-05-Welche Aufgabe hat die Grammatik im Sprachsystem.mp4\">5) Welche Aufgabe hat die Grammatik im Sprachsystem? (10.5min)<\/a><\/p>\n<p><a href=\"http:\/\/gachter.name\/wp-data\/Wie Kinder die Sprache lernen-06-Was ist beim Sprechen das Besondere.mp4\">6) Professor Dr. C\u00e9cile Schwarz, Logop\u00e4din: Was ist beim Sprechen das Besondere? (8.5min)<\/a><\/p>\n<p><a href=\"http:\/\/gachter.name\/wp-data\/Wie Kinder die Sprache lernen-07-Diskussion Umwelt.mp4\">7) Diskussion: Umwelt (1.5min)<\/a><\/p>\n<p><a href=\"http:\/\/gachter.name\/wp-data\/Wie Kinder die Sprache lernen-08-Diskussion Reaktionen kleiner Kinder.mp4\">8) Diskussion: Reaktionen kleiner Kinder, Minecraft (1.5min)<\/a><\/p>\n<p><a href=\"http:\/\/gachter.name\/wp-data\/Wie Kinder die Sprache lernen-09-Diskussion Was wird angeboten.mp4\">9) Diskussion: Was wird angeboten? (1min)<\/a><\/p>\n<p><a href=\"http:\/\/gachter.name\/wp-data\/Wie Kinder die Sprache lernen-10-Hals- Nasen- Ohren\u00e4rzte.mp4\">10) Hals- Nasen- Ohren\u00e4rzte (3min)<\/a><\/p>\n<p><a href=\"http:\/\/gachter.name\/wp-data\/Wie Kinder die Sprache lernen-11-Beispiele Verbale Dispraxie und Aphasie.mp4\">11) Beispiele: Verbale Dispraxie bei einem Kind, Aphasie: Sprechverlust (2.5min)<\/a><\/p>\n<p><a href=\"http:\/\/gachter.name\/wp-data\/Wie Kinder die Sprache lernen-12-Sprache verstehen.mp4\">12) Sprache verstehen \u2013 Sprachverst\u00e4ndnis\/Textverst\u00e4ndnis (7min)<\/a><\/p>\n<p><a href=\"http:\/\/gachter.name\/wp-data\/Wie Kinder die Sprache lernen-13-Vom Sprechen zum Lesen und Schreiben.mp4\">13) Vom Sprechen zum Lesen und Schreiben (22.5min)<\/a><\/p>\n<p><a href=\"http:\/\/gachter.name\/wp-data\/Wie Kinder die Sprache lernen-14-Welche Situation haben wir heute.mp4\">14) Welche Situation haben wir heute? (15.5min)<\/a><\/p>\n<p>&nbsp;<\/p>\n","protected":false},"excerpt":{"rendered":"<p>Folgender Vortrag wurde am\u00a020. Mai 2017 in Otelfingen im Rahmen einer Veranstaltung des Vereins B\u00fcrger f\u00fcr B\u00fcrger\u00a0gehalten. Der Vortrag als Ganzes: Die Pr\u00e4sentation dazu: Wie Kinder die Sprache lernen &#8211; Pr\u00e4sentation In einzelnen Kapiteln: 1) Einleitung, Vorstellung, Erl\u00e4uterung zur Dissertation (3.5min) 2) Vergleich, eine Sache mit zwei Seiten: fr\u00fches und sp\u00e4tes Sprachenlernen (1min) 3) Wie [&hellip;]<\/p>\n","protected":false},"author":1,"featured_media":0,"parent":0,"menu_order":0,"comment_status":"closed","ping_status":"closed","template":"","meta":{"jetpack_post_was_ever_published":false,"footnotes":""},"class_list":["post-124","page","type-page","status-publish","hentry"],"jetpack_sharing_enabled":true,"_links":{"self":[{"href":"https:\/\/gachter.name\/lirumlarum\/wp-json\/wp\/v2\/pages\/124","targetHints":{"allow":["GET"]}}],"collection":[{"href":"https:\/\/gachter.name\/lirumlarum\/wp-json\/wp\/v2\/pages"}],"about":[{"href":"https:\/\/gachter.name\/lirumlarum\/wp-json\/wp\/v2\/types\/page"}],"author":[{"embeddable":true,"href":"https:\/\/gachter.name\/lirumlarum\/wp-json\/wp\/v2\/users\/1"}],"replies":[{"embeddable":true,"href":"https:\/\/gachter.name\/lirumlarum\/wp-json\/wp\/v2\/comments?post=124"}],"version-history":[{"count":15,"href":"https:\/\/gachter.name\/lirumlarum\/wp-json\/wp\/v2\/pages\/124\/revisions"}],"predecessor-version":[{"id":318,"href":"https:\/\/gachter.name\/lirumlarum\/wp-json\/wp\/v2\/pages\/124\/revisions\/318"}],"wp:attachment":[{"href":"https:\/\/gachter.name\/lirumlarum\/wp-json\/wp\/v2\/media?parent=124"}],"curies":[{"name":"wp","href":"https:\/\/api.w.org\/{rel}","templated":true}]}}